{"id":146,"date":"2023-12-18T19:42:48","date_gmt":"2023-12-18T19:42:48","guid":{"rendered":"http:\/\/marote.com.uy\/site\/?page_id=146"},"modified":"2025-07-01T14:48:02","modified_gmt":"2025-07-01T14:48:02","slug":"nosotros","status":"publish","type":"page","link":"https:\/\/marote.com.uy\/site\/nosotros\/","title":{"rendered":"Nosotros"},"content":{"rendered":"\t\t<div data-elementor-type=\"wp-page\" data-elementor-id=\"146\" class=\"elementor elementor-146\" data-elementor-post-type=\"page\">\n\t\t\t\t<div class=\"elementor-element elementor-element-28927d5 e-con-full e-flex e-con e-parent\" data-id=\"28927d5\" data-element_type=\"container\" data-e-type=\"container\" data-settings=\"{&quot;background_background&quot;:&quot;slideshow&quot;,&quot;background_slideshow_gallery&quot;:[{&quot;id&quot;:353,&quot;url&quot;:&quot;http:\\\/\\\/marote.com.uy\\\/site\\\/wp-content\\\/uploads\\\/2023\\\/12\\\/HOMBRE-ORQUESTA-1.jpg&quot;}],&quot;background_slideshow_loop&quot;:&quot;yes&quot;,&quot;background_slideshow_slide_duration&quot;:5000,&quot;background_slideshow_slide_transition&quot;:&quot;fade&quot;,&quot;background_slideshow_transition_duration&quot;:500,&quot;ekit_has_onepagescroll_dot&quot;:&quot;yes&quot;}\">\n\t\t\t\t<div class=\"elementor-element elementor-element-65749a3 elementor-widget__width-initial elementor-widget elementor-widget-text-editor\" data-id=\"65749a3\" data-element_type=\"widget\" data-e-type=\"widget\" data-settings=\"{&quot;ekit_we_effect_on&quot;:&quot;none&quot;}\" data-widget_type=\"text-editor.default\">\n\t\t\t\t<div class=\"elementor-widget-container\">\n\t\t\t\t\t\t\t\t\t<h3 style=\"font-size: 1.2em; margin-top: 30px;\">NO SOMOS UN\u00a0<\/h3><h1 style=\"font-size: 5.2em; line-height: 0.95em;\">HOMBRE<br \/>ORQUESTA<\/h1><h3 class=\"tit-marote\">SOMOS UNA AGENCIA INTEGRAL<\/h3><h4>En Marote tocamos todas las cuerdas: desde el plan de marketing, pasando por las estrategias y la creatividad, la producci\u00f3n de los materiales, hasta el manejo de los medios. Todo se puede descansar con tranquilidad y responsabilidad.<\/h4><div id=\"sconnect-is-installed\" style=\"display: none;\">2.15.1.0<\/div><div id=\"sconnect-is-installed\" style=\"display: none;\">2.15.1.0<\/div><div id=\"sconnect-is-installed\" style=\"display: none;\">2.15.1.0<\/div>\t\t\t\t\t\t\t\t<\/div>\n\t\t\t\t<\/div>\n\t\t\t\t<\/div>\n\t\t<div class=\"elementor-element elementor-element-f9ac8cc e-con-full e-flex e-con e-parent\" data-id=\"f9ac8cc\" data-element_type=\"container\" data-e-type=\"container\" data-settings=\"{&quot;ekit_has_onepagescroll_dot&quot;:&quot;yes&quot;}\">\n\t\t<div class=\"elementor-element elementor-element-08eda77 e-con-full e-flex e-con e-child\" data-id=\"08eda77\" data-element_type=\"container\" data-e-type=\"container\" data-settings=\"{&quot;ekit_has_onepagescroll_dot&quot;:&quot;yes&quot;}\">\n\t\t\t\t<div class=\"elementor-element elementor-element-386e599 elementor-widget elementor-widget-text-editor\" data-id=\"386e599\" data-element_type=\"widget\" data-e-type=\"widget\" data-settings=\"{&quot;ekit_we_effect_on&quot;:&quot;none&quot;}\" data-widget_type=\"text-editor.default\">\n\t\t\t\t<div class=\"elementor-widget-container\">\n\t\t\t\t\t\t\t\t\t<h2>\u00bfC\u00f3mo trabajamos y c\u00f3mo pensamos?<\/h2>\n<h3 class=\"tit-marote\">INVOLUCRAMIENTO EN EL PROYECTO.<\/h3>\n<div id=\"sconnect-is-installed\" style=\"display: none;\">2.15.1.0<\/div>\t\t\t\t\t\t\t\t<\/div>\n\t\t\t\t<\/div>\n\t\t\t\t<\/div>\n\t\t<div class=\"elementor-element elementor-element-5d68ce1 e-con-full e-flex e-con e-child\" data-id=\"5d68ce1\" data-element_type=\"container\" data-e-type=\"container\" data-settings=\"{&quot;background_background&quot;:&quot;classic&quot;,&quot;ekit_has_onepagescroll_dot&quot;:&quot;yes&quot;}\">\n\t\t\t\t<div class=\"elementor-element elementor-element-3874a26 elementor-widget elementor-widget-text-editor\" data-id=\"3874a26\" data-element_type=\"widget\" data-e-type=\"widget\" data-settings=\"{&quot;ekit_we_effect_on&quot;:&quot;none&quot;}\" data-widget_type=\"text-editor.default\">\n\t\t\t\t<div class=\"elementor-widget-container\">\n\t\t\t\t\t\t\t\t\t<p>Nuestra forma de atenci\u00f3n es de contacto participativo.<\/p><p>La experiencia nos indica que s\u00f3lo involucr\u00e1ndose se puede entender el real escenario interno y externo. Conocer la historia aclara el presente, para reci\u00e9n ah\u00ed pensar en construir el futuro.<\/p><p><strong>UNA VISI\u00d3N EXTERNA AYUDA A MIRAR LO QUE TODOS MIRAN PERO VER LO QUE NADIE VE.<\/strong><\/p><div id=\"sconnect-is-installed\" style=\"display: none;\">2.15.1.0<\/div><div id=\"sconnect-is-installed\" style=\"display: none;\">2.15.1.0<\/div><div id=\"sconnect-is-installed\" style=\"display: none;\">2.15.1.0<\/div><div id=\"sconnect-is-installed\" style=\"display: none;\">2.15.1.0<\/div>\t\t\t\t\t\t\t\t<\/div>\n\t\t\t\t<\/div>\n\t\t\t\t<\/div>\n\t\t\t\t<\/div>\n\t\t\t\t<\/div>\n\t\t","protected":false},"excerpt":{"rendered":"<p>NO SOMOS UN\u00a0 HOMBREORQUESTA SOMOS UNA AGENCIA INTEGRAL En Marote tocamos todas las cuerdas: desde el plan de marketing, pasando por las estrategias y la creatividad, la producci\u00f3n de los materiales, hasta el manejo de los medios. Todo se puede descansar con tranquilidad y responsabilidad. 2.15.1.02.15.1.02.15.1.0 \u00bfC\u00f3mo trabajamos y c\u00f3mo pensamos? INVOLUCRAMIENTO EN EL PROYECTO. [&hellip;]<\/p>\n","protected":false},"author":1,"featured_media":0,"parent":0,"menu_order":0,"comment_status":"closed","ping_status":"closed","template":"","meta":{"footnotes":""},"class_list":["post-146","page","type-page","status-publish","hentry"],"_links":{"self":[{"href":"https:\/\/marote.com.uy\/site\/wp-json\/wp\/v2\/pages\/146","targetHints":{"allow":["GET"]}}],"collection":[{"href":"https:\/\/marote.com.uy\/site\/wp-json\/wp\/v2\/pages"}],"about":[{"href":"https:\/\/marote.com.uy\/site\/wp-json\/wp\/v2\/types\/page"}],"author":[{"embeddable":true,"href":"https:\/\/marote.com.uy\/site\/wp-json\/wp\/v2\/users\/1"}],"replies":[{"embeddable":true,"href":"https:\/\/marote.com.uy\/site\/wp-json\/wp\/v2\/comments?post=146"}],"version-history":[{"count":3,"href":"https:\/\/marote.com.uy\/site\/wp-json\/wp\/v2\/pages\/146\/revisions"}],"predecessor-version":[{"id":1270,"href":"https:\/\/marote.com.uy\/site\/wp-json\/wp\/v2\/pages\/146\/revisions\/1270"}],"wp:attachment":[{"href":"https:\/\/marote.com.uy\/site\/wp-json\/wp\/v2\/media?parent=146"}],"curies":[{"name":"wp","href":"https:\/\/api.w.org\/{rel}","templated":true}]}}